{"id":137,"date":"2026-03-20T15:23:07","date_gmt":"2026-03-20T15:23:07","guid":{"rendered":"https:\/\/saludario.com\/blog\/?page_id=137"},"modified":"2026-03-20T15:23:07","modified_gmt":"2026-03-20T15:23:07","slug":"politica-de-privacidad","status":"publish","type":"page","link":"https:\/\/saludario.com\/blog\/politica-de-privacidad\/","title":{"rendered":"Pol\u00edtica de privacidad"},"content":{"rendered":"\n<p>Este sitio web recopila datos con fines estad\u00edsticos y de mejora de la experiencia del usuario. Utilizamos cookies y herramientas de terceros como Google AdSense.<\/p>\n\n\n\n<p>La informaci\u00f3n recopilada no se comparte con terceros sin consentimiento.<\/p>\n\n\n\n<p>Para m\u00e1s informaci\u00f3n, puede contactarnos.<\/p>\n\n\n\n<p><\/p>\n","protected":false},"excerpt":{"rendered":"<p>Este sitio web recopila datos con fines estad\u00edsticos y de mejora de la experiencia del usuario. Utilizamos cookies y herramientas de terceros como Google AdSense. La informaci\u00f3n recopilada no se comparte con terceros sin consentimiento. Para m\u00e1s informaci\u00f3n, puede contactarnos.<\/p>\n","protected":false},"author":1,"featured_media":0,"parent":0,"menu_order":0,"comment_status":"closed","ping_status":"closed","template":"","meta":{"footnotes":""},"class_list":["post-137","page","type-page","status-publish","hentry"],"_hostinger_reach_plugin_has_subscription_block":false,"_hostinger_reach_plugin_is_elementor":false,"_links":{"self":[{"href":"https:\/\/saludario.com\/blog\/wp-json\/wp\/v2\/pages\/137","targetHints":{"allow":["GET"]}}],"collection":[{"href":"https:\/\/saludario.com\/blog\/wp-json\/wp\/v2\/pages"}],"about":[{"href":"https:\/\/saludario.com\/blog\/wp-json\/wp\/v2\/types\/page"}],"author":[{"embeddable":true,"href":"https:\/\/saludario.com\/blog\/wp-json\/wp\/v2\/users\/1"}],"replies":[{"embeddable":true,"href":"https:\/\/saludario.com\/blog\/wp-json\/wp\/v2\/comments?post=137"}],"version-history":[{"count":1,"href":"https:\/\/saludario.com\/blog\/wp-json\/wp\/v2\/pages\/137\/revisions"}],"predecessor-version":[{"id":138,"href":"https:\/\/saludario.com\/blog\/wp-json\/wp\/v2\/pages\/137\/revisions\/138"}],"wp:attachment":[{"href":"https:\/\/saludario.com\/blog\/wp-json\/wp\/v2\/media?parent=137"}],"curies":[{"name":"wp","href":"https:\/\/api.w.org\/{rel}","templated":true}]}}