{"id":143,"date":"2026-03-20T15:29:06","date_gmt":"2026-03-20T15:29:06","guid":{"rendered":"https:\/\/saludario.com\/blog\/?page_id=143"},"modified":"2026-03-20T15:29:07","modified_gmt":"2026-03-20T15:29:07","slug":"sobre-nosotros","status":"publish","type":"page","link":"https:\/\/saludario.com\/blog\/sobre-nosotros\/","title":{"rendered":"Sobre nosotros"},"content":{"rendered":"\n<p>Somos una empresa dedicada a la distribuci\u00f3n de insumos m\u00e9dicos en Rep\u00fablica Dominicana, enfocada en ofrecer productos de calidad, disponibilidad inmediata y atenci\u00f3n personalizada.<\/p>\n\n\n\n<p>Trabajamos con una amplia variedad de productos como guantes, jeringas, equipos m\u00e9dicos y otros insumos esenciales para cl\u00ednicas, consultorios y uso general.<\/p>\n\n\n\n<p>Nuestro objetivo es facilitar el acceso a productos m\u00e9dicos confiables, brindando asesor\u00eda a nuestros clientes para que puedan elegir la mejor opci\u00f3n seg\u00fan sus necesidades.<\/p>\n\n\n\n<p>A trav\u00e9s de nuestro blog, tambi\u00e9n compartimos informaci\u00f3n \u00fatil y actualizada para orientar sobre el uso correcto de los insumos m\u00e9dicos y ayudar en la toma de decisiones.<\/p>\n\n\n\n<p>Si deseas adquirir productos o recibir m\u00e1s informaci\u00f3n, puedes contactarnos directamente.<\/p>\n\n\n\n    <div style=\"border:1px solid #e5e5e5;padding:20px;border-radius:10px;margin:20px 0;background:#f9f9f9;\">\n        <h3 style=\"margin-top:0;\">\u00bfNecesitas este producto o asesor\u00eda?<\/h3>\n        <p>Cont\u00e1ctanos directamente y recibe atenci\u00f3n r\u00e1pida.<\/p>\n\n        <a href=\"https:\/\/wa.me\/18093278756?text=Hola%2C+vi+este+art%C3%ADculo%3A+Sobre+nosotros+y+quiero+m%C3%A1s+informaci%C3%B3n\" target=\"_blank\" \n        style=\"display:inline-block;background:#25D366;color:white;padding:12px 20px;border-radius:5px;text-decoration:none;margin-right:10px;\">\n        Cotizar por WhatsApp\n        <\/a>\n\n        <a href=\"https:\/\/saludario.com\" target=\"_blank\" \n        style=\"display:inline-block;background:#0073aa;color:white;padding:12px 20px;border-radius:5px;text-decoration:none;\">\n        Ver productos\n        <\/a>\n    <\/div>\n\n    \n","protected":false},"excerpt":{"rendered":"<p>Somos una empresa dedicada a la distribuci\u00f3n de insumos m\u00e9dicos en Rep\u00fablica Dominicana, enfocada en ofrecer productos de calidad, disponibilidad inmediata y atenci\u00f3n personalizada. Trabajamos con una amplia variedad de productos como guantes, jeringas, equipos m\u00e9dicos y otros insumos esenciales para cl\u00ednicas, consultorios y uso general. Nuestro objetivo es facilitar el acceso a productos m\u00e9dicos [&hellip;]<\/p>\n","protected":false},"author":1,"featured_media":0,"parent":0,"menu_order":0,"comment_status":"closed","ping_status":"closed","template":"","meta":{"footnotes":""},"class_list":["post-143","page","type-page","status-publish","hentry"],"_hostinger_reach_plugin_has_subscription_block":false,"_hostinger_reach_plugin_is_elementor":false,"_links":{"self":[{"href":"https:\/\/saludario.com\/blog\/wp-json\/wp\/v2\/pages\/143","targetHints":{"allow":["GET"]}}],"collection":[{"href":"https:\/\/saludario.com\/blog\/wp-json\/wp\/v2\/pages"}],"about":[{"href":"https:\/\/saludario.com\/blog\/wp-json\/wp\/v2\/types\/page"}],"author":[{"embeddable":true,"href":"https:\/\/saludario.com\/blog\/wp-json\/wp\/v2\/users\/1"}],"replies":[{"embeddable":true,"href":"https:\/\/saludario.com\/blog\/wp-json\/wp\/v2\/comments?post=143"}],"version-history":[{"count":1,"href":"https:\/\/saludario.com\/blog\/wp-json\/wp\/v2\/pages\/143\/revisions"}],"predecessor-version":[{"id":144,"href":"https:\/\/saludario.com\/blog\/wp-json\/wp\/v2\/pages\/143\/revisions\/144"}],"wp:attachment":[{"href":"https:\/\/saludario.com\/blog\/wp-json\/wp\/v2\/media?parent=143"}],"curies":[{"name":"wp","href":"https:\/\/api.w.org\/{rel}","templated":true}]}}